{"id":2,"date":"2014-09-05T08:17:34","date_gmt":"2014-09-05T07:17:34","guid":{"rendered":"https:\/\/st-vincent-sport.fr\/home\/?page_id=2"},"modified":"2025-12-03T20:16:24","modified_gmt":"2025-12-03T19:16:24","slug":"gym-artistique-feminine","status":"publish","type":"page","link":"https:\/\/st-vincent-sport.fr\/home\/gym-artistique-feminine\/","title":{"rendered":"Gym Art. F\u00e9minine"},"content":{"rendered":"<p>La gymnastique artistique f\u00e9minine se pratique sur 4 agr\u00e8s : la table de saut, les barres asym\u00e9triques, la poutre et le sol, sans oublier la formation physique pour la cat\u00e9gorie poussine.<\/p>\n<p>SVSC participe aux<strong> comp\u00e9titions par \u00e9quipes<\/strong> et <strong>en individuel<\/strong> \u00e0 l\u2019\u00e9chelon d\u00e9partemental et r\u00e9gional organis\u00e9es par les comit\u00e9s d\u00e9partemental et r\u00e9gional de la FSCF sur des programmes impos\u00e9s \u00e9volutifs (du 1er au 6\u00e8me degr\u00e9) permettant ainsi \u00e0 chacune de s\u2019exprimer selon son \u00e2ge et son niveau de performance.<\/p>\n<p>Lors des comp\u00e9titions par \u00e9quipes jeunesses et ain\u00e9es, la sp\u00e9cificit\u00e9 de la f\u00e9d\u00e9ration est le mouvement d\u2019ensemble, ex\u00e9cut\u00e9 en musique, en tant que 5\u00e8me \u00e9preuve.<\/p>\n<p><strong>Poussines<\/strong> : Gym n\u00e9e de 2016 \u00e0 2019 <span style=\"color: #ff0000;\"><strong>***COMPLET***<\/strong><\/span><\/p>\n<p>Nous accueillons les poussines, le lundi de 18h \u00e0 20h dans notre gymnase au 22 Rue du Faubourg St Vincent \u00e0 Orl\u00e9ans.<\/p>\n<p>Contact : Nicolas TABURET \/ 06 44 10 27 01<\/p>\n<p><strong>Jeunesses<\/strong> : Gym n\u00e9e de 2012 \u00e0 2015 <span style=\"color: #ff0000;\"><strong>***COMPLET***<\/strong><\/span><\/p>\n<p>Nous accueillons les jeunesses, le mercredi de 18h30 \u00e0 20h30 dans notre gymnase au 22 Rue du Faubourg St Vincent \u00e0 Orl\u00e9ans.\u00a0<\/p>\n<p>Contact : Nicolas TABURET \/ 06 44 10 27 01<\/p>\n<p><strong>Ain\u00e9es <\/strong>: Gym n\u00e9e en 2011 et avant 2011<\/p>\n<p>Nous accueillons les ain\u00e9es, le mardi de 19h45 \u00e0 22h et le vendredi de 19h45 \u00e0 22h (cours optionnel) au complexe de gymnastique Eva Serrano de la ville d&rsquo;Orl\u00e9ans r<span class=\"LrzXr\">ue Fernand Pelloutier<\/span> \u00e0 Orl\u00e9ans.<\/p>\n<p>Contact :\u00a0Clara THIBAULT GONDRE \/ 07 70 73 05 85<\/p>\n\n\n<figure class=\"wp-block-image size-large\"><a href=\"https:\/\/st-vincent-sport.fr\/home\/wp-content\/uploads\/2023\/06\/IMG_20230611_201041-scaled.jpg\"><img loading=\"lazy\" decoding=\"async\" width=\"1024\" height=\"768\" src=\"https:\/\/st-vincent-sport.fr\/home\/wp-content\/uploads\/2023\/06\/IMG_20230611_201041-1024x768.jpg\" alt=\"\" class=\"wp-image-143\" srcset=\"https:\/\/st-vincent-sport.fr\/home\/wp-content\/uploads\/2023\/06\/IMG_20230611_201041-1024x768.jpg 1024w, https:\/\/st-vincent-sport.fr\/home\/wp-content\/uploads\/2023\/06\/IMG_20230611_201041-300x225.jpg 300w, https:\/\/st-vincent-sport.fr\/home\/wp-content\/uploads\/2023\/06\/IMG_20230611_201041-768x576.jpg 768w, https:\/\/st-vincent-sport.fr\/home\/wp-content\/uploads\/2023\/06\/IMG_20230611_201041-1536x1152.jpg 1536w, https:\/\/st-vincent-sport.fr\/home\/wp-content\/uploads\/2023\/06\/IMG_20230611_201041-2048x1536.jpg 2048w\" sizes=\"auto, (max-width: 1024px) 100vw, 1024px\" \/><\/a><\/figure>\n","protected":false},"excerpt":{"rendered":"<p>La gymnastique artistique f\u00e9minine se pratique sur 4 agr\u00e8s : la table de saut, les barres asym\u00e9triques, la poutre et le sol, sans oublier la formation physique pour la cat\u00e9gorie poussine. SVSC participe aux comp\u00e9titions par \u00e9quipes et en individuel \u00e0 l\u2019\u00e9chelon d\u00e9partemental et r\u00e9gional organis\u00e9es par les comit\u00e9s d\u00e9partemental et r\u00e9gional de la FSCF [&hellip;]<\/p>\n","protected":false},"author":1,"featured_media":0,"parent":0,"menu_order":0,"comment_status":"closed","ping_status":"closed","template":"","meta":{"footnotes":""},"class_list":["post-2","page","type-page","status-publish","hentry","post"],"yoast_head":"<!-- This site is optimized with the Yoast SEO plugin v23.3 - https:\/\/yoast.com\/wordpress\/plugins\/seo\/ -->\n<title>Gym Art. F\u00e9minine - Saint Vincent Sports et Culture f\u00eate ses 140 ans<\/title>\n<meta name=\"robots\" content=\"index, follow, max-snippet:-1, max-image-preview:large, max-video-preview:-1\" \/>\n<link rel=\"canonical\" href=\"https:\/\/st-vincent-sport.fr\/home\/gym-artistique-feminine\/\" \/>\n<meta property=\"og:locale\" content=\"fr_FR\" \/>\n<meta property=\"og:type\" content=\"article\" \/>\n<meta property=\"og:title\" content=\"Gym Art. F\u00e9minine - Saint Vincent Sports et Culture f\u00eate ses 140 ans\" \/>\n<meta property=\"og:description\" content=\"La gymnastique artistique f\u00e9minine se pratique sur 4 agr\u00e8s : la table de saut, les barres asym\u00e9triques, la poutre et le sol, sans oublier la formation physique pour la cat\u00e9gorie poussine. SVSC participe aux comp\u00e9titions par \u00e9quipes et en individuel \u00e0 l\u2019\u00e9chelon d\u00e9partemental et r\u00e9gional organis\u00e9es par les comit\u00e9s d\u00e9partemental et r\u00e9gional de la FSCF [&hellip;]\" \/>\n<meta property=\"og:url\" content=\"https:\/\/st-vincent-sport.fr\/home\/gym-artistique-feminine\/\" \/>\n<meta property=\"og:site_name\" content=\"Saint Vincent Sports et Culture f\u00eate ses 140 ans\" \/>\n<meta property=\"article:modified_time\" content=\"2025-12-03T19:16:24+00:00\" \/>\n<meta property=\"og:image\" content=\"https:\/\/st-vincent-sport.fr\/home\/wp-content\/uploads\/2023\/06\/IMG_20230611_201041-1024x768.jpg\" \/>\n<meta name=\"twitter:label1\" content=\"Dur\u00e9e de lecture estim\u00e9e\" \/>\n\t<meta name=\"twitter:data1\" content=\"2 minutes\" \/>\n<script type=\"application\/ld+json\" class=\"yoast-schema-graph\">{\"@context\":\"https:\/\/schema.org\",\"@graph\":[{\"@type\":\"WebPage\",\"@id\":\"https:\/\/st-vincent-sport.fr\/home\/gym-artistique-feminine\/\",\"url\":\"https:\/\/st-vincent-sport.fr\/home\/gym-artistique-feminine\/\",\"name\":\"Gym Art. F\u00e9minine - Saint Vincent Sports et Culture f\u00eate ses 140 ans\",\"isPartOf\":{\"@id\":\"https:\/\/st-vincent-sport.fr\/home\/#website\"},\"primaryImageOfPage\":{\"@id\":\"https:\/\/st-vincent-sport.fr\/home\/gym-artistique-feminine\/#primaryimage\"},\"image\":{\"@id\":\"https:\/\/st-vincent-sport.fr\/home\/gym-artistique-feminine\/#primaryimage\"},\"thumbnailUrl\":\"https:\/\/st-vincent-sport.fr\/home\/wp-content\/uploads\/2023\/06\/IMG_20230611_201041-1024x768.jpg\",\"datePublished\":\"2014-09-05T07:17:34+00:00\",\"dateModified\":\"2025-12-03T19:16:24+00:00\",\"inLanguage\":\"fr-FR\",\"potentialAction\":[{\"@type\":\"ReadAction\",\"target\":[\"https:\/\/st-vincent-sport.fr\/home\/gym-artistique-feminine\/\"]}]},{\"@type\":\"ImageObject\",\"inLanguage\":\"fr-FR\",\"@id\":\"https:\/\/st-vincent-sport.fr\/home\/gym-artistique-feminine\/#primaryimage\",\"url\":\"https:\/\/st-vincent-sport.fr\/home\/wp-content\/uploads\/2023\/06\/IMG_20230611_201041-scaled.jpg\",\"contentUrl\":\"https:\/\/st-vincent-sport.fr\/home\/wp-content\/uploads\/2023\/06\/IMG_20230611_201041-scaled.jpg\",\"width\":2560,\"height\":1920},{\"@type\":\"WebSite\",\"@id\":\"https:\/\/st-vincent-sport.fr\/home\/#website\",\"url\":\"https:\/\/st-vincent-sport.fr\/home\/\",\"name\":\"Saint Vincent Sports et Culture f\u00eate ses 140 ans\",\"description\":\"\",\"publisher\":{\"@id\":\"https:\/\/st-vincent-sport.fr\/home\/#organization\"},\"potentialAction\":[{\"@type\":\"SearchAction\",\"target\":{\"@type\":\"EntryPoint\",\"urlTemplate\":\"https:\/\/st-vincent-sport.fr\/home\/?s={search_term_string}\"},\"query-input\":\"required name=search_term_string\"}],\"inLanguage\":\"fr-FR\"},{\"@type\":\"Organization\",\"@id\":\"https:\/\/st-vincent-sport.fr\/home\/#organization\",\"name\":\"Saint Vincent Sports et Culture f\u00eate ses 140 ans\",\"url\":\"https:\/\/st-vincent-sport.fr\/home\/\",\"logo\":{\"@type\":\"ImageObject\",\"inLanguage\":\"fr-FR\",\"@id\":\"https:\/\/st-vincent-sport.fr\/home\/#\/schema\/logo\/image\/\",\"url\":\"https:\/\/st-vincent-sport.fr\/home\/wp-content\/uploads\/2023\/06\/cropped-LOGO-SVSC.png\",\"contentUrl\":\"https:\/\/st-vincent-sport.fr\/home\/wp-content\/uploads\/2023\/06\/cropped-LOGO-SVSC.png\",\"width\":136,\"height\":136,\"caption\":\"Saint Vincent Sports et Culture f\u00eate ses 140 ans\"},\"image\":{\"@id\":\"https:\/\/st-vincent-sport.fr\/home\/#\/schema\/logo\/image\/\"}}]}<\/script>\n<!-- \/ Yoast SEO plugin. -->","yoast_head_json":{"title":"Gym Art. F\u00e9minine - Saint Vincent Sports et Culture f\u00eate ses 140 ans","robots":{"index":"index","follow":"follow","max-snippet":"max-snippet:-1","max-image-preview":"max-image-preview:large","max-video-preview":"max-video-preview:-1"},"canonical":"https:\/\/st-vincent-sport.fr\/home\/gym-artistique-feminine\/","og_locale":"fr_FR","og_type":"article","og_title":"Gym Art. F\u00e9minine - Saint Vincent Sports et Culture f\u00eate ses 140 ans","og_description":"La gymnastique artistique f\u00e9minine se pratique sur 4 agr\u00e8s : la table de saut, les barres asym\u00e9triques, la poutre et le sol, sans oublier la formation physique pour la cat\u00e9gorie poussine. SVSC participe aux comp\u00e9titions par \u00e9quipes et en individuel \u00e0 l\u2019\u00e9chelon d\u00e9partemental et r\u00e9gional organis\u00e9es par les comit\u00e9s d\u00e9partemental et r\u00e9gional de la FSCF [&hellip;]","og_url":"https:\/\/st-vincent-sport.fr\/home\/gym-artistique-feminine\/","og_site_name":"Saint Vincent Sports et Culture f\u00eate ses 140 ans","article_modified_time":"2025-12-03T19:16:24+00:00","og_image":[{"url":"https:\/\/st-vincent-sport.fr\/home\/wp-content\/uploads\/2023\/06\/IMG_20230611_201041-1024x768.jpg"}],"twitter_misc":{"Dur\u00e9e de lecture estim\u00e9e":"2 minutes"},"schema":{"@context":"https:\/\/schema.org","@graph":[{"@type":"WebPage","@id":"https:\/\/st-vincent-sport.fr\/home\/gym-artistique-feminine\/","url":"https:\/\/st-vincent-sport.fr\/home\/gym-artistique-feminine\/","name":"Gym Art. F\u00e9minine - Saint Vincent Sports et Culture f\u00eate ses 140 ans","isPartOf":{"@id":"https:\/\/st-vincent-sport.fr\/home\/#website"},"primaryImageOfPage":{"@id":"https:\/\/st-vincent-sport.fr\/home\/gym-artistique-feminine\/#primaryimage"},"image":{"@id":"https:\/\/st-vincent-sport.fr\/home\/gym-artistique-feminine\/#primaryimage"},"thumbnailUrl":"https:\/\/st-vincent-sport.fr\/home\/wp-content\/uploads\/2023\/06\/IMG_20230611_201041-1024x768.jpg","datePublished":"2014-09-05T07:17:34+00:00","dateModified":"2025-12-03T19:16:24+00:00","inLanguage":"fr-FR","potentialAction":[{"@type":"ReadAction","target":["https:\/\/st-vincent-sport.fr\/home\/gym-artistique-feminine\/"]}]},{"@type":"ImageObject","inLanguage":"fr-FR","@id":"https:\/\/st-vincent-sport.fr\/home\/gym-artistique-feminine\/#primaryimage","url":"https:\/\/st-vincent-sport.fr\/home\/wp-content\/uploads\/2023\/06\/IMG_20230611_201041-scaled.jpg","contentUrl":"https:\/\/st-vincent-sport.fr\/home\/wp-content\/uploads\/2023\/06\/IMG_20230611_201041-scaled.jpg","width":2560,"height":1920},{"@type":"WebSite","@id":"https:\/\/st-vincent-sport.fr\/home\/#website","url":"https:\/\/st-vincent-sport.fr\/home\/","name":"Saint Vincent Sports et Culture f\u00eate ses 140 ans","description":"","publisher":{"@id":"https:\/\/st-vincent-sport.fr\/home\/#organization"},"potentialAction":[{"@type":"SearchAction","target":{"@type":"EntryPoint","urlTemplate":"https:\/\/st-vincent-sport.fr\/home\/?s={search_term_string}"},"query-input":"required name=search_term_string"}],"inLanguage":"fr-FR"},{"@type":"Organization","@id":"https:\/\/st-vincent-sport.fr\/home\/#organization","name":"Saint Vincent Sports et Culture f\u00eate ses 140 ans","url":"https:\/\/st-vincent-sport.fr\/home\/","logo":{"@type":"ImageObject","inLanguage":"fr-FR","@id":"https:\/\/st-vincent-sport.fr\/home\/#\/schema\/logo\/image\/","url":"https:\/\/st-vincent-sport.fr\/home\/wp-content\/uploads\/2023\/06\/cropped-LOGO-SVSC.png","contentUrl":"https:\/\/st-vincent-sport.fr\/home\/wp-content\/uploads\/2023\/06\/cropped-LOGO-SVSC.png","width":136,"height":136,"caption":"Saint Vincent Sports et Culture f\u00eate ses 140 ans"},"image":{"@id":"https:\/\/st-vincent-sport.fr\/home\/#\/schema\/logo\/image\/"}}]}},"_links":{"self":[{"href":"https:\/\/st-vincent-sport.fr\/home\/wp-json\/wp\/v2\/pages\/2","targetHints":{"allow":["GET"]}}],"collection":[{"href":"https:\/\/st-vincent-sport.fr\/home\/wp-json\/wp\/v2\/pages"}],"about":[{"href":"https:\/\/st-vincent-sport.fr\/home\/wp-json\/wp\/v2\/types\/page"}],"author":[{"embeddable":true,"href":"https:\/\/st-vincent-sport.fr\/home\/wp-json\/wp\/v2\/users\/1"}],"replies":[{"embeddable":true,"href":"https:\/\/st-vincent-sport.fr\/home\/wp-json\/wp\/v2\/comments?post=2"}],"version-history":[{"count":42,"href":"https:\/\/st-vincent-sport.fr\/home\/wp-json\/wp\/v2\/pages\/2\/revisions"}],"predecessor-version":[{"id":318,"href":"https:\/\/st-vincent-sport.fr\/home\/wp-json\/wp\/v2\/pages\/2\/revisions\/318"}],"wp:attachment":[{"href":"https:\/\/st-vincent-sport.fr\/home\/wp-json\/wp\/v2\/media?parent=2"}],"curies":[{"name":"wp","href":"https:\/\/api.w.org\/{rel}","templated":true}]}}