{"id":131,"date":"2023-06-15T12:59:44","date_gmt":"2023-06-15T11:59:44","guid":{"rendered":"https:\/\/st-vincent-sport.fr\/home\/?page_id=131"},"modified":"2024-12-05T22:33:11","modified_gmt":"2024-12-05T21:33:11","slug":"info","status":"publish","type":"page","link":"https:\/\/st-vincent-sport.fr\/home\/info\/","title":{"rendered":"Info"},"content":{"rendered":"<h5><strong>Cotisation<\/strong><\/h5>\n<p>L&rsquo;adh\u00e9sion \u00e0 l&rsquo;ann\u00e9e \u00e0 l\u2019association de SVSC est de 120\u20ac pour le 1er membre d\u2019une famille et 110\u20ac pour les autres membres.<br \/>\nSVSC participe aux op\u00e9rations Pass\u2019Sport (aide \u00e0 la pratique sportive de 50 euros par enfant), Pass\u2019Loisirs (Bons de la CAF) et YEPS (aide de la r\u00e9gion Centre-Val-de-loire pour les jeunes de 15-25 ans).<\/p>\n<h2><\/h2>\n<h5><strong>Les membres du comit\u00e9<\/strong><\/h5>\n<p><strong>Pr\u00e9sident<\/strong> :<br \/>\nNicolas TABURET \/ 06.44.10.27.01 nicolas.taburet@gmail.com<\/p>\n<p><strong>Vice-Pr\u00e9sident<\/strong> :<br \/>\nDominique COUDRAY \/ 06.32.38.65.86 d_coudray@hotmail.fr<\/p>\n<p><strong>Secr\u00e9taire<\/strong> :<br \/>\nDoroth\u00e9e RAMBOUR<\/p>\n<p><strong>Tr\u00e9sorier<\/strong> :<br \/>\nJacky CAVET \/ 06.81.14.72.54 jacky.cavet@gmail.com<\/p>\n<p><strong>Autres membres :<br \/>\n<\/strong>Anne-C\u00e9cile COUTON- COUDRAY<br \/>\nChristian DUGU\u00c9<br \/>\nL\u00e9a BUGNET<br \/>\nClara THIBAULT GONDRE<\/p>\n<h5><strong>Les acc\u00e8s aux salles<\/strong><\/h5>\n<p>\u00c9veils, Poussines, Jeunesses, Poussins\/Pupilles : \u00a0Gymnase de Saint-Vincent acc\u00e8s via le 22 Rue du Faubourg St Vincent, <span class=\"LrzXr\">45000 <\/span> Orl\u00e9ans<\/p>\n<p>Ain\u00e9es : Complexe de gymnastique Eva Serrano r<span class=\"LrzXr\">ue Fernand Pelloutier, 45000 Orl\u00e9ans<\/span><\/p>\n","protected":false},"excerpt":{"rendered":"<p>Cotisation L&rsquo;adh\u00e9sion \u00e0 l&rsquo;ann\u00e9e \u00e0 l\u2019association de SVSC est de 120\u20ac pour le 1er membre d\u2019une famille et 110\u20ac pour les autres membres. SVSC participe aux op\u00e9rations Pass\u2019Sport (aide \u00e0 la pratique sportive de 50 euros par enfant), Pass\u2019Loisirs (Bons de la CAF) et YEPS (aide de la r\u00e9gion Centre-Val-de-loire pour les jeunes de 15-25 [&hellip;]<\/p>\n","protected":false},"author":1,"featured_media":0,"parent":0,"menu_order":0,"comment_status":"closed","ping_status":"closed","template":"","meta":{"footnotes":""},"class_list":["post-131","page","type-page","status-publish","hentry","post"],"yoast_head":"<!-- This site is optimized with the Yoast SEO plugin v23.3 - https:\/\/yoast.com\/wordpress\/plugins\/seo\/ -->\n<title>Info - Saint Vincent Sports et Culture f\u00eate ses 140 ans<\/title>\n<meta name=\"robots\" content=\"index, follow, max-snippet:-1, max-image-preview:large, max-video-preview:-1\" \/>\n<link rel=\"canonical\" href=\"https:\/\/st-vincent-sport.fr\/home\/info\/\" \/>\n<meta property=\"og:locale\" content=\"fr_FR\" \/>\n<meta property=\"og:type\" content=\"article\" \/>\n<meta property=\"og:title\" content=\"Info - Saint Vincent Sports et Culture f\u00eate ses 140 ans\" \/>\n<meta property=\"og:description\" content=\"Cotisation L&rsquo;adh\u00e9sion \u00e0 l&rsquo;ann\u00e9e \u00e0 l\u2019association de SVSC est de 120\u20ac pour le 1er membre d\u2019une famille et 110\u20ac pour les autres membres. SVSC participe aux op\u00e9rations Pass\u2019Sport (aide \u00e0 la pratique sportive de 50 euros par enfant), Pass\u2019Loisirs (Bons de la CAF) et YEPS (aide de la r\u00e9gion Centre-Val-de-loire pour les jeunes de 15-25 [&hellip;]\" \/>\n<meta property=\"og:url\" content=\"https:\/\/st-vincent-sport.fr\/home\/info\/\" \/>\n<meta property=\"og:site_name\" content=\"Saint Vincent Sports et Culture f\u00eate ses 140 ans\" \/>\n<meta property=\"article:modified_time\" content=\"2024-12-05T21:33:11+00:00\" \/>\n<meta name=\"twitter:label1\" content=\"Dur\u00e9e de lecture estim\u00e9e\" \/>\n\t<meta name=\"twitter:data1\" content=\"1 minute\" \/>\n<script type=\"application\/ld+json\" class=\"yoast-schema-graph\">{\"@context\":\"https:\/\/schema.org\",\"@graph\":[{\"@type\":\"WebPage\",\"@id\":\"https:\/\/st-vincent-sport.fr\/home\/info\/\",\"url\":\"https:\/\/st-vincent-sport.fr\/home\/info\/\",\"name\":\"Info - Saint Vincent Sports et Culture f\u00eate ses 140 ans\",\"isPartOf\":{\"@id\":\"https:\/\/st-vincent-sport.fr\/home\/#website\"},\"datePublished\":\"2023-06-15T11:59:44+00:00\",\"dateModified\":\"2024-12-05T21:33:11+00:00\",\"inLanguage\":\"fr-FR\",\"potentialAction\":[{\"@type\":\"ReadAction\",\"target\":[\"https:\/\/st-vincent-sport.fr\/home\/info\/\"]}]},{\"@type\":\"WebSite\",\"@id\":\"https:\/\/st-vincent-sport.fr\/home\/#website\",\"url\":\"https:\/\/st-vincent-sport.fr\/home\/\",\"name\":\"Saint Vincent Sports et Culture f\u00eate ses 140 ans\",\"description\":\"\",\"publisher\":{\"@id\":\"https:\/\/st-vincent-sport.fr\/home\/#organization\"},\"potentialAction\":[{\"@type\":\"SearchAction\",\"target\":{\"@type\":\"EntryPoint\",\"urlTemplate\":\"https:\/\/st-vincent-sport.fr\/home\/?s={search_term_string}\"},\"query-input\":\"required name=search_term_string\"}],\"inLanguage\":\"fr-FR\"},{\"@type\":\"Organization\",\"@id\":\"https:\/\/st-vincent-sport.fr\/home\/#organization\",\"name\":\"Saint Vincent Sports et Culture f\u00eate ses 140 ans\",\"url\":\"https:\/\/st-vincent-sport.fr\/home\/\",\"logo\":{\"@type\":\"ImageObject\",\"inLanguage\":\"fr-FR\",\"@id\":\"https:\/\/st-vincent-sport.fr\/home\/#\/schema\/logo\/image\/\",\"url\":\"https:\/\/st-vincent-sport.fr\/home\/wp-content\/uploads\/2023\/06\/cropped-LOGO-SVSC.png\",\"contentUrl\":\"https:\/\/st-vincent-sport.fr\/home\/wp-content\/uploads\/2023\/06\/cropped-LOGO-SVSC.png\",\"width\":136,\"height\":136,\"caption\":\"Saint Vincent Sports et Culture f\u00eate ses 140 ans\"},\"image\":{\"@id\":\"https:\/\/st-vincent-sport.fr\/home\/#\/schema\/logo\/image\/\"}}]}<\/script>\n<!-- \/ Yoast SEO plugin. -->","yoast_head_json":{"title":"Info - Saint Vincent Sports et Culture f\u00eate ses 140 ans","robots":{"index":"index","follow":"follow","max-snippet":"max-snippet:-1","max-image-preview":"max-image-preview:large","max-video-preview":"max-video-preview:-1"},"canonical":"https:\/\/st-vincent-sport.fr\/home\/info\/","og_locale":"fr_FR","og_type":"article","og_title":"Info - Saint Vincent Sports et Culture f\u00eate ses 140 ans","og_description":"Cotisation L&rsquo;adh\u00e9sion \u00e0 l&rsquo;ann\u00e9e \u00e0 l\u2019association de SVSC est de 120\u20ac pour le 1er membre d\u2019une famille et 110\u20ac pour les autres membres. SVSC participe aux op\u00e9rations Pass\u2019Sport (aide \u00e0 la pratique sportive de 50 euros par enfant), Pass\u2019Loisirs (Bons de la CAF) et YEPS (aide de la r\u00e9gion Centre-Val-de-loire pour les jeunes de 15-25 [&hellip;]","og_url":"https:\/\/st-vincent-sport.fr\/home\/info\/","og_site_name":"Saint Vincent Sports et Culture f\u00eate ses 140 ans","article_modified_time":"2024-12-05T21:33:11+00:00","twitter_misc":{"Dur\u00e9e de lecture estim\u00e9e":"1 minute"},"schema":{"@context":"https:\/\/schema.org","@graph":[{"@type":"WebPage","@id":"https:\/\/st-vincent-sport.fr\/home\/info\/","url":"https:\/\/st-vincent-sport.fr\/home\/info\/","name":"Info - Saint Vincent Sports et Culture f\u00eate ses 140 ans","isPartOf":{"@id":"https:\/\/st-vincent-sport.fr\/home\/#website"},"datePublished":"2023-06-15T11:59:44+00:00","dateModified":"2024-12-05T21:33:11+00:00","inLanguage":"fr-FR","potentialAction":[{"@type":"ReadAction","target":["https:\/\/st-vincent-sport.fr\/home\/info\/"]}]},{"@type":"WebSite","@id":"https:\/\/st-vincent-sport.fr\/home\/#website","url":"https:\/\/st-vincent-sport.fr\/home\/","name":"Saint Vincent Sports et Culture f\u00eate ses 140 ans","description":"","publisher":{"@id":"https:\/\/st-vincent-sport.fr\/home\/#organization"},"potentialAction":[{"@type":"SearchAction","target":{"@type":"EntryPoint","urlTemplate":"https:\/\/st-vincent-sport.fr\/home\/?s={search_term_string}"},"query-input":"required name=search_term_string"}],"inLanguage":"fr-FR"},{"@type":"Organization","@id":"https:\/\/st-vincent-sport.fr\/home\/#organization","name":"Saint Vincent Sports et Culture f\u00eate ses 140 ans","url":"https:\/\/st-vincent-sport.fr\/home\/","logo":{"@type":"ImageObject","inLanguage":"fr-FR","@id":"https:\/\/st-vincent-sport.fr\/home\/#\/schema\/logo\/image\/","url":"https:\/\/st-vincent-sport.fr\/home\/wp-content\/uploads\/2023\/06\/cropped-LOGO-SVSC.png","contentUrl":"https:\/\/st-vincent-sport.fr\/home\/wp-content\/uploads\/2023\/06\/cropped-LOGO-SVSC.png","width":136,"height":136,"caption":"Saint Vincent Sports et Culture f\u00eate ses 140 ans"},"image":{"@id":"https:\/\/st-vincent-sport.fr\/home\/#\/schema\/logo\/image\/"}}]}},"_links":{"self":[{"href":"https:\/\/st-vincent-sport.fr\/home\/wp-json\/wp\/v2\/pages\/131","targetHints":{"allow":["GET"]}}],"collection":[{"href":"https:\/\/st-vincent-sport.fr\/home\/wp-json\/wp\/v2\/pages"}],"about":[{"href":"https:\/\/st-vincent-sport.fr\/home\/wp-json\/wp\/v2\/types\/page"}],"author":[{"embeddable":true,"href":"https:\/\/st-vincent-sport.fr\/home\/wp-json\/wp\/v2\/users\/1"}],"replies":[{"embeddable":true,"href":"https:\/\/st-vincent-sport.fr\/home\/wp-json\/wp\/v2\/comments?post=131"}],"version-history":[{"count":17,"href":"https:\/\/st-vincent-sport.fr\/home\/wp-json\/wp\/v2\/pages\/131\/revisions"}],"predecessor-version":[{"id":313,"href":"https:\/\/st-vincent-sport.fr\/home\/wp-json\/wp\/v2\/pages\/131\/revisions\/313"}],"wp:attachment":[{"href":"https:\/\/st-vincent-sport.fr\/home\/wp-json\/wp\/v2\/media?parent=131"}],"curies":[{"name":"wp","href":"https:\/\/api.w.org\/{rel}","templated":true}]}}