{"id":127,"date":"2023-06-15T11:42:05","date_gmt":"2023-06-15T10:42:05","guid":{"rendered":"https:\/\/st-vincent-sport.fr\/home\/page-dacceuil\/"},"modified":"2026-01-06T10:32:54","modified_gmt":"2026-01-06T09:32:54","slug":"accueil","status":"publish","type":"page","link":"https:\/\/st-vincent-sport.fr\/home\/","title":{"rendered":"Accueil"},"content":{"rendered":"<div id=\"pl-127\"  class=\"panel-layout\" ><div id=\"pg-127-0\"  class=\"panel-grid panel-no-style\" ><div id=\"pgc-127-0-0\"  class=\"panel-grid-cell panel-grid-cell-empty\" ><\/div><div id=\"pgc-127-0-1\"  class=\"panel-grid-cell panel-grid-cell-empty panel-grid-cell-mobile-last\" ><\/div><div id=\"pgc-127-0-2\"  class=\"panel-grid-cell panel-grid-cell-empty\" ><\/div><\/div><div id=\"pg-127-1\"  class=\"panel-grid panel-has-style\" ><div class=\"wide-grey panel-row-style panel-row-style-for-127-1\" ><div id=\"pgc-127-1-0\"  class=\"panel-grid-cell\" ><div id=\"panel-127-1-0-0\" class=\"so-panel widget widget_headline-widget panel-first-child panel-last-child\" data-index=\"0\" >\t\t<h1>SVSC f\u00eate ses 140 ans<\/h1>\n\t\t<div class=\"decoration\"><div class=\"decoration-inside\"><\/div><\/div>\n\t\t<h3>Association de gymnastique artistique et de l'\u00e9veil de l'enfant \u00e0 Orl\u00e9ans, cr\u00e9\u00e9e en 1886, affili\u00e9e \u00e0 la F\u00e9d\u00e9ration sportive et culturelle de France<\/h3>\n\t\t<\/div><\/div><\/div><\/div><div id=\"pg-127-2\"  class=\"panel-grid panel-no-style\" ><div id=\"pgc-127-2-0\"  class=\"panel-grid-cell panel-grid-cell-empty\" ><\/div><div id=\"pgc-127-2-1\"  class=\"panel-grid-cell\" ><div id=\"panel-127-2-1-0\" class=\"so-panel widget widget_text panel-first-child panel-last-child\" data-index=\"1\" >\t\t\t<div class=\"textwidget\"><p class=\"slider-body52\"><span class=\"c-9\">Tous nos entraineurs sont b\u00e9n\u00e9voles et dipl\u00f4m\u00e9s par des formations f\u00e9d\u00e9rales de la FSCF.<\/span><\/p>\n<p class=\"slider-body52\"><span class=\"c-9\">Ambiance conviviale o\u00f9 prime l\u2019\u00e9panouissement de la personne. <\/span><\/p>\n<\/div>\n\t\t<\/div><\/div><\/div><\/div>","protected":false},"excerpt":{"rendered":"<p>SVSC f\u00eate ses 140 ans Association de gymnastique artistique et de l&rsquo;\u00e9veil de l&rsquo;enfant \u00e0 Orl\u00e9ans, cr\u00e9\u00e9e en 1886, affili\u00e9e \u00e0 la F\u00e9d\u00e9ration sportive et culturelle de France Tous nos entraineurs sont b\u00e9n\u00e9voles et dipl\u00f4m\u00e9s par des formations f\u00e9d\u00e9rales de la FSCF. Ambiance conviviale o\u00f9 prime l\u2019\u00e9panouissement de la personne.<\/p>\n","protected":false},"author":1,"featured_media":0,"parent":0,"menu_order":0,"comment_status":"closed","ping_status":"closed","template":"home-panels.php","meta":{"footnotes":""},"class_list":["post-127","page","type-page","status-publish","hentry","post"],"yoast_head":"<!-- This site is optimized with the Yoast SEO plugin v23.3 - https:\/\/yoast.com\/wordpress\/plugins\/seo\/ -->\n<title>Accueil - Saint Vincent Sports et Culture f\u00eate ses 140 ans<\/title>\n<meta name=\"robots\" content=\"index, follow, max-snippet:-1, max-image-preview:large, max-video-preview:-1\" \/>\n<link rel=\"canonical\" href=\"https:\/\/st-vincent-sport.fr\/home\/\" \/>\n<meta property=\"og:locale\" content=\"fr_FR\" \/>\n<meta property=\"og:type\" content=\"article\" \/>\n<meta property=\"og:title\" content=\"Accueil - Saint Vincent Sports et Culture f\u00eate ses 140 ans\" \/>\n<meta property=\"og:description\" content=\"SVSC f\u00eate ses 140 ans Association de gymnastique artistique et de l&#039;\u00e9veil de l&#039;enfant \u00e0 Orl\u00e9ans, cr\u00e9\u00e9e en 1886, affili\u00e9e \u00e0 la F\u00e9d\u00e9ration sportive et culturelle de France Tous nos entraineurs sont b\u00e9n\u00e9voles et dipl\u00f4m\u00e9s par des formations f\u00e9d\u00e9rales de la FSCF. Ambiance conviviale o\u00f9 prime l\u2019\u00e9panouissement de la personne.\" \/>\n<meta property=\"og:url\" content=\"https:\/\/st-vincent-sport.fr\/home\/\" \/>\n<meta property=\"og:site_name\" content=\"Saint Vincent Sports et Culture f\u00eate ses 140 ans\" \/>\n<meta property=\"article:modified_time\" content=\"2026-01-06T09:32:54+00:00\" \/>\n<meta name=\"twitter:label1\" content=\"Dur\u00e9e de lecture estim\u00e9e\" \/>\n\t<meta name=\"twitter:data1\" content=\"1 minute\" \/>\n<script type=\"application\/ld+json\" class=\"yoast-schema-graph\">{\"@context\":\"https:\/\/schema.org\",\"@graph\":[{\"@type\":\"WebPage\",\"@id\":\"https:\/\/st-vincent-sport.fr\/home\/\",\"url\":\"https:\/\/st-vincent-sport.fr\/home\/\",\"name\":\"Accueil - Saint Vincent Sports et Culture f\u00eate ses 140 ans\",\"isPartOf\":{\"@id\":\"https:\/\/st-vincent-sport.fr\/home\/#website\"},\"datePublished\":\"2023-06-15T10:42:05+00:00\",\"dateModified\":\"2026-01-06T09:32:54+00:00\",\"inLanguage\":\"fr-FR\",\"potentialAction\":[{\"@type\":\"ReadAction\",\"target\":[\"https:\/\/st-vincent-sport.fr\/home\/\"]}]},{\"@type\":\"WebSite\",\"@id\":\"https:\/\/st-vincent-sport.fr\/home\/#website\",\"url\":\"https:\/\/st-vincent-sport.fr\/home\/\",\"name\":\"Saint Vincent Sports et Culture f\u00eate ses 140 ans\",\"description\":\"\",\"publisher\":{\"@id\":\"https:\/\/st-vincent-sport.fr\/home\/#organization\"},\"potentialAction\":[{\"@type\":\"SearchAction\",\"target\":{\"@type\":\"EntryPoint\",\"urlTemplate\":\"https:\/\/st-vincent-sport.fr\/home\/?s={search_term_string}\"},\"query-input\":\"required name=search_term_string\"}],\"inLanguage\":\"fr-FR\"},{\"@type\":\"Organization\",\"@id\":\"https:\/\/st-vincent-sport.fr\/home\/#organization\",\"name\":\"Saint Vincent Sports et Culture f\u00eate ses 140 ans\",\"url\":\"https:\/\/st-vincent-sport.fr\/home\/\",\"logo\":{\"@type\":\"ImageObject\",\"inLanguage\":\"fr-FR\",\"@id\":\"https:\/\/st-vincent-sport.fr\/home\/#\/schema\/logo\/image\/\",\"url\":\"https:\/\/st-vincent-sport.fr\/home\/wp-content\/uploads\/2023\/06\/cropped-LOGO-SVSC.png\",\"contentUrl\":\"https:\/\/st-vincent-sport.fr\/home\/wp-content\/uploads\/2023\/06\/cropped-LOGO-SVSC.png\",\"width\":136,\"height\":136,\"caption\":\"Saint Vincent Sports et Culture f\u00eate ses 140 ans\"},\"image\":{\"@id\":\"https:\/\/st-vincent-sport.fr\/home\/#\/schema\/logo\/image\/\"}}]}<\/script>\n<!-- \/ Yoast SEO plugin. -->","yoast_head_json":{"title":"Accueil - Saint Vincent Sports et Culture f\u00eate ses 140 ans","robots":{"index":"index","follow":"follow","max-snippet":"max-snippet:-1","max-image-preview":"max-image-preview:large","max-video-preview":"max-video-preview:-1"},"canonical":"https:\/\/st-vincent-sport.fr\/home\/","og_locale":"fr_FR","og_type":"article","og_title":"Accueil - Saint Vincent Sports et Culture f\u00eate ses 140 ans","og_description":"SVSC f\u00eate ses 140 ans Association de gymnastique artistique et de l'\u00e9veil de l'enfant \u00e0 Orl\u00e9ans, cr\u00e9\u00e9e en 1886, affili\u00e9e \u00e0 la F\u00e9d\u00e9ration sportive et culturelle de France Tous nos entraineurs sont b\u00e9n\u00e9voles et dipl\u00f4m\u00e9s par des formations f\u00e9d\u00e9rales de la FSCF. Ambiance conviviale o\u00f9 prime l\u2019\u00e9panouissement de la personne.","og_url":"https:\/\/st-vincent-sport.fr\/home\/","og_site_name":"Saint Vincent Sports et Culture f\u00eate ses 140 ans","article_modified_time":"2026-01-06T09:32:54+00:00","twitter_misc":{"Dur\u00e9e de lecture estim\u00e9e":"1 minute"},"schema":{"@context":"https:\/\/schema.org","@graph":[{"@type":"WebPage","@id":"https:\/\/st-vincent-sport.fr\/home\/","url":"https:\/\/st-vincent-sport.fr\/home\/","name":"Accueil - Saint Vincent Sports et Culture f\u00eate ses 140 ans","isPartOf":{"@id":"https:\/\/st-vincent-sport.fr\/home\/#website"},"datePublished":"2023-06-15T10:42:05+00:00","dateModified":"2026-01-06T09:32:54+00:00","inLanguage":"fr-FR","potentialAction":[{"@type":"ReadAction","target":["https:\/\/st-vincent-sport.fr\/home\/"]}]},{"@type":"WebSite","@id":"https:\/\/st-vincent-sport.fr\/home\/#website","url":"https:\/\/st-vincent-sport.fr\/home\/","name":"Saint Vincent Sports et Culture f\u00eate ses 140 ans","description":"","publisher":{"@id":"https:\/\/st-vincent-sport.fr\/home\/#organization"},"potentialAction":[{"@type":"SearchAction","target":{"@type":"EntryPoint","urlTemplate":"https:\/\/st-vincent-sport.fr\/home\/?s={search_term_string}"},"query-input":"required name=search_term_string"}],"inLanguage":"fr-FR"},{"@type":"Organization","@id":"https:\/\/st-vincent-sport.fr\/home\/#organization","name":"Saint Vincent Sports et Culture f\u00eate ses 140 ans","url":"https:\/\/st-vincent-sport.fr\/home\/","logo":{"@type":"ImageObject","inLanguage":"fr-FR","@id":"https:\/\/st-vincent-sport.fr\/home\/#\/schema\/logo\/image\/","url":"https:\/\/st-vincent-sport.fr\/home\/wp-content\/uploads\/2023\/06\/cropped-LOGO-SVSC.png","contentUrl":"https:\/\/st-vincent-sport.fr\/home\/wp-content\/uploads\/2023\/06\/cropped-LOGO-SVSC.png","width":136,"height":136,"caption":"Saint Vincent Sports et Culture f\u00eate ses 140 ans"},"image":{"@id":"https:\/\/st-vincent-sport.fr\/home\/#\/schema\/logo\/image\/"}}]}},"_links":{"self":[{"href":"https:\/\/st-vincent-sport.fr\/home\/wp-json\/wp\/v2\/pages\/127","targetHints":{"allow":["GET"]}}],"collection":[{"href":"https:\/\/st-vincent-sport.fr\/home\/wp-json\/wp\/v2\/pages"}],"about":[{"href":"https:\/\/st-vincent-sport.fr\/home\/wp-json\/wp\/v2\/types\/page"}],"author":[{"embeddable":true,"href":"https:\/\/st-vincent-sport.fr\/home\/wp-json\/wp\/v2\/users\/1"}],"replies":[{"embeddable":true,"href":"https:\/\/st-vincent-sport.fr\/home\/wp-json\/wp\/v2\/comments?post=127"}],"version-history":[{"count":21,"href":"https:\/\/st-vincent-sport.fr\/home\/wp-json\/wp\/v2\/pages\/127\/revisions"}],"predecessor-version":[{"id":330,"href":"https:\/\/st-vincent-sport.fr\/home\/wp-json\/wp\/v2\/pages\/127\/revisions\/330"}],"wp:attachment":[{"href":"https:\/\/st-vincent-sport.fr\/home\/wp-json\/wp\/v2\/media?parent=127"}],"curies":[{"name":"wp","href":"https:\/\/api.w.org\/{rel}","templated":true}]}}